{"id":2,"date":"2016-08-22T14:45:21","date_gmt":"2016-08-22T13:45:21","guid":{"rendered":"http:\/\/www.centredeplanningfamiliallealor.be\/?page_id=2"},"modified":"2023-08-03T10:10:30","modified_gmt":"2023-08-03T09:10:30","slug":"accueilsaint-ghislain","status":"publish","type":"page","link":"http:\/\/www.centredeplanningfamiliallealor.be\/","title":{"rendered":"Le Centre de Planning Familial &#8220;L\u00e9a Lor&#8221;"},"content":{"rendered":"\n<p>Envie d&#8217;une contraception? Une question sur le d\u00e9pistage des IST? Besoin de parler \u00e0 quelqu&#8217;un ? Des questions sur la sexualit\u00e9? Besoin d&#8217;un accompagnement dans des d\u00e9marches administratives ? Alors tu es au bon endroit!<\/p>\n\n\n\n<p>Le centre de planning familial &#8220;L\u00e9a Lor&#8221; est un lieu o\u00f9 tu peux aborder toutes les questions en lien avec la vie relationnelle, affective et sexuelle, et ce, en toute confidentialit\u00e9.\u00a0<\/p>\n\n\n\n<p><p class=\"has-text-align-left\">Notre centre propose un accueil confidentiel, des consultations m\u00e9dicales, psychologiques, sociales et juridiques ainsi que des animations pour tout public. Notre philosophie est d&#8217;accompagner chaque usager en vue de son \u00e9panouissement dans sa vie affective, relationnelle et sexuelle.<\/p><\/p>\n\n\n\n<p><\/p>\n\n\n\n<p><\/p>\n\n\n\n<p class=\"has-text-align-left\">Le centre a \u00e9t\u00e9 cr\u00e9\u00e9 par Madame L\u00e9a Rolland-Lor en 1974.<\/p>\n\n\n\n<p class=\"has-text-align-left\">Situ\u00e9 au c\u0153ur des logements sociaux et des \u00e9coles de Saint-Ghislain, le centre est agr\u00e9\u00e9 et subventionn\u00e9 par la r\u00e9gion wallonne. Il est \u00e9galement affili\u00e9 \u00e0 F\u00e9d\u00e9ration La\u00efque des Centres de Planning Familial.<\/p>\n\n\n\n<p class=\"has-text-align-left\"><\/p>\n","protected":false},"excerpt":{"rendered":"<p>Envie d&#8217;une contraception? Une question sur le d\u00e9pistage des IST? Besoin de parler \u00e0 quelqu&#8217;un ? Des questions sur la sexualit\u00e9? Besoin d&#8217;un accompagnement dans des d\u00e9marches administratives ? Alors tu es au bon endroit! Le centre de planning familial &#8220;L\u00e9a Lor&#8221; est un lieu o\u00f9 tu peux aborder toutes les questions en lien avec &hellip; <\/p>\n<p class=\"link-more\"><a href=\"http:\/\/www.centredeplanningfamiliallealor.be\/\" class=\"more-link\">Continue reading<span class=\"screen-reader-text\"> &#8220;Le Centre de Planning Familial &#8220;L\u00e9a Lor&#8221;&#8221;<\/span><\/a><\/p>\n","protected":false},"author":1,"featured_media":0,"parent":0,"menu_order":0,"comment_status":"closed","ping_status":"open","template":"","meta":[],"_links":{"self":[{"href":"http:\/\/www.centredeplanningfamiliallealor.be\/index.php\/wp-json\/wp\/v2\/pages\/2"}],"collection":[{"href":"http:\/\/www.centredeplanningfamiliallealor.be\/index.php\/wp-json\/wp\/v2\/pages"}],"about":[{"href":"http:\/\/www.centredeplanningfamiliallealor.be\/index.php\/wp-json\/wp\/v2\/types\/page"}],"author":[{"embeddable":true,"href":"http:\/\/www.centredeplanningfamiliallealor.be\/index.php\/wp-json\/wp\/v2\/users\/1"}],"replies":[{"embeddable":true,"href":"http:\/\/www.centredeplanningfamiliallealor.be\/index.php\/wp-json\/wp\/v2\/comments?post=2"}],"version-history":[{"count":5,"href":"http:\/\/www.centredeplanningfamiliallealor.be\/index.php\/wp-json\/wp\/v2\/pages\/2\/revisions"}],"predecessor-version":[{"id":193,"href":"http:\/\/www.centredeplanningfamiliallealor.be\/index.php\/wp-json\/wp\/v2\/pages\/2\/revisions\/193"}],"wp:attachment":[{"href":"http:\/\/www.centredeplanningfamiliallealor.be\/index.php\/wp-json\/wp\/v2\/media?parent=2"}],"curies":[{"name":"wp","href":"https:\/\/api.w.org\/{rel}","templated":true}]}}