{"id":18,"date":"2016-08-23T14:31:15","date_gmt":"2016-08-23T13:31:15","guid":{"rendered":"http:\/\/www.centredeplanningfamiliallealor.be\/?page_id=18"},"modified":"2025-09-24T09:25:21","modified_gmt":"2025-09-24T08:25:21","slug":"les-consultationssaint-ghislain","status":"publish","type":"page","link":"http:\/\/www.centredeplanningfamiliallealor.be\/index.php\/les-consultationssaint-ghislain\/","title":{"rendered":"Les consultations"},"content":{"rendered":"<p><strong>Consultations m\u00e9dicales<\/strong><\/p>\n<p>Contraception, d\u00e9pistage des infections sexuellement transmissibles, sant\u00e9 sexuelle, suivi gyn\u00e9cologique, m\u00e9nopause, &#8230;<\/p>\n<ul>\n<li><em>Mardi de 15h30 \u00e0 17h30: sans rendez-vous<\/em><\/li>\n<li>Jeudi entre 12h et 13h sur rendez-vous<\/li>\n<\/ul>\n<p><strong>Consultations sociales<\/strong><\/p>\n<p>Information, accompagnement, orientation vers le r\u00e9seau, \u00e9coute, conflits avec les parents, allocations familiales, mutuelle, &#8230;<\/p>\n<p><em>Consultations sur rendez-vous<\/em><\/p>\n<p><strong>Consultations juridiques<\/strong><\/p>\n<p>Toutes questions en mati\u00e8re de droit familial : divorce, s\u00e9paration, garde des enfants, autonomie du jeune, &#8230;<\/p>\n<p><em>Mardi de 17h30 \u00e0 18h30: sur rendez-vous<\/em><\/p>\n<p><strong>Consultations psychologiques<\/strong><\/p>\n<p>Ecoute et accompagnement dans les probl\u00e8mes familiaux, violences sexuelles, ruptures, troubles sexuels, mal-\u00eatre, etc.<\/p>\n<p><em>La semaine sur rendez-vous<\/em><\/p>\n","protected":false},"excerpt":{"rendered":"<p>Consultations m\u00e9dicales Contraception, d\u00e9pistage des infections sexuellement transmissibles, sant\u00e9 sexuelle, suivi gyn\u00e9cologique, m\u00e9nopause, &#8230; Mardi de 15h30 \u00e0 17h30: sans rendez-vous Jeudi entre 12h et 13h sur rendez-vous Consultations sociales Information, accompagnement, orientation vers le r\u00e9seau, \u00e9coute, conflits avec les parents, allocations familiales, mutuelle, &#8230; Consultations sur rendez-vous Consultations juridiques Toutes questions en mati\u00e8re de &hellip; <\/p>\n<p class=\"link-more\"><a href=\"http:\/\/www.centredeplanningfamiliallealor.be\/index.php\/les-consultationssaint-ghislain\/\" class=\"more-link\">Continue reading<span class=\"screen-reader-text\"> &#8220;Les consultations&#8221;<\/span><\/a><\/p>\n","protected":false},"author":1,"featured_media":0,"parent":0,"menu_order":0,"comment_status":"closed","ping_status":"closed","template":"","meta":[],"_links":{"self":[{"href":"http:\/\/www.centredeplanningfamiliallealor.be\/index.php\/wp-json\/wp\/v2\/pages\/18"}],"collection":[{"href":"http:\/\/www.centredeplanningfamiliallealor.be\/index.php\/wp-json\/wp\/v2\/pages"}],"about":[{"href":"http:\/\/www.centredeplanningfamiliallealor.be\/index.php\/wp-json\/wp\/v2\/types\/page"}],"author":[{"embeddable":true,"href":"http:\/\/www.centredeplanningfamiliallealor.be\/index.php\/wp-json\/wp\/v2\/users\/1"}],"replies":[{"embeddable":true,"href":"http:\/\/www.centredeplanningfamiliallealor.be\/index.php\/wp-json\/wp\/v2\/comments?post=18"}],"version-history":[{"count":5,"href":"http:\/\/www.centredeplanningfamiliallealor.be\/index.php\/wp-json\/wp\/v2\/pages\/18\/revisions"}],"predecessor-version":[{"id":204,"href":"http:\/\/www.centredeplanningfamiliallealor.be\/index.php\/wp-json\/wp\/v2\/pages\/18\/revisions\/204"}],"wp:attachment":[{"href":"http:\/\/www.centredeplanningfamiliallealor.be\/index.php\/wp-json\/wp\/v2\/media?parent=18"}],"curies":[{"name":"wp","href":"https:\/\/api.w.org\/{rel}","templated":true}]}}