{"id":16,"date":"2016-08-23T14:30:53","date_gmt":"2016-08-23T13:30:53","guid":{"rendered":"http:\/\/www.centredeplanningfamiliallealor.be\/?page_id=16"},"modified":"2023-08-01T10:51:36","modified_gmt":"2023-08-01T09:51:36","slug":"laccueilsaint-ghislain","status":"publish","type":"page","link":"http:\/\/www.centredeplanningfamiliallealor.be\/index.php\/laccueilsaint-ghislain\/","title":{"rendered":"L&#8217;accueil"},"content":{"rendered":"\n<p class=\"has-text-align-center has-black-color has-text-color has-background\" style=\"background-color:#fffbee\">Durant les heures de permanence, une accueillante prendra le temps de vous accueillir, vous \u00e9couter, vous informer et \u00e9ventuellement vous orienter en fonction de votre demande et de vos besoins.<\/p>\n\n\n\n<p class=\"has-text-align-center has-black-color has-text-color has-background\" style=\"background-color:#fffbee\">A l&#8217;accueil, vous pourrez \u00e9galement venir chercher des pr\u00e9servatifs gratuitement, r\u00e9aliser un test de grossesse urinaire et poser toutes vos questions en mati\u00e8re de vie affective, relationnelle et sexuelle en toute confidentialit\u00e9.<\/p>\n\n\n\n<h2 class=\"wp-block-heading\"><\/h2>\n","protected":false},"excerpt":{"rendered":"<p>Durant les heures de permanence, une accueillante prendra le temps de vous accueillir, vous \u00e9couter, vous informer et \u00e9ventuellement vous orienter en fonction de votre demande et de vos besoins. A l&#8217;accueil, vous pourrez \u00e9galement venir chercher des pr\u00e9servatifs gratuitement, r\u00e9aliser un test de grossesse urinaire et poser toutes vos questions en mati\u00e8re de vie &hellip; <\/p>\n<p class=\"link-more\"><a href=\"http:\/\/www.centredeplanningfamiliallealor.be\/index.php\/laccueilsaint-ghislain\/\" class=\"more-link\">Continue reading<span class=\"screen-reader-text\"> &#8220;L&#8217;accueil&#8221;<\/span><\/a><\/p>\n","protected":false},"author":1,"featured_media":0,"parent":0,"menu_order":0,"comment_status":"closed","ping_status":"closed","template":"","meta":[],"_links":{"self":[{"href":"http:\/\/www.centredeplanningfamiliallealor.be\/index.php\/wp-json\/wp\/v2\/pages\/16"}],"collection":[{"href":"http:\/\/www.centredeplanningfamiliallealor.be\/index.php\/wp-json\/wp\/v2\/pages"}],"about":[{"href":"http:\/\/www.centredeplanningfamiliallealor.be\/index.php\/wp-json\/wp\/v2\/types\/page"}],"author":[{"embeddable":true,"href":"http:\/\/www.centredeplanningfamiliallealor.be\/index.php\/wp-json\/wp\/v2\/users\/1"}],"replies":[{"embeddable":true,"href":"http:\/\/www.centredeplanningfamiliallealor.be\/index.php\/wp-json\/wp\/v2\/comments?post=16"}],"version-history":[{"count":3,"href":"http:\/\/www.centredeplanningfamiliallealor.be\/index.php\/wp-json\/wp\/v2\/pages\/16\/revisions"}],"predecessor-version":[{"id":173,"href":"http:\/\/www.centredeplanningfamiliallealor.be\/index.php\/wp-json\/wp\/v2\/pages\/16\/revisions\/173"}],"wp:attachment":[{"href":"http:\/\/www.centredeplanningfamiliallealor.be\/index.php\/wp-json\/wp\/v2\/media?parent=16"}],"curies":[{"name":"wp","href":"https:\/\/api.w.org\/{rel}","templated":true}]}}